{"id":1330,"date":"2021-05-10T15:03:28","date_gmt":"2021-05-10T09:33:28","guid":{"rendered":"http:\/\/royalrest.ae\/%d8%a7%d9%84%d8%b4%d8%b1%d9%88%d8%b7%d9%88%d8%a7%d9%84%d8%a3%d8%ad%d9%83%d8%a7%d9%85\/"},"modified":"2023-01-24T10:53:50","modified_gmt":"2023-01-24T05:23:50","slug":"%d8%a7%d9%84%d8%b4%d8%b1%d9%88%d8%b7%d9%88%d8%a7%d9%84%d8%a3%d8%ad%d9%83%d8%a7%d9%85","status":"publish","type":"page","link":"https:\/\/www.royalrest.ae\/ar\/%d8%a7%d9%84%d8%b4%d8%b1%d9%88%d8%b7%d9%88%d8%a7%d9%84%d8%a3%d8%ad%d9%83%d8%a7%d9%85\/","title":{"rendered":"\u0627\u0644\u0634\u0631\u0648\u0637 \u0648\u0627\u0644\u0623\u062d\u0643\u0627\u0645:"},"content":{"rendered":"<p>[vc_row full_width=&#8221;stretch_row_content_no_spaces&#8221; full_height=&#8221;yes&#8221;][vc_column][vc_single_image image=&#8221;145&#8243; img_size=&#8221;full&#8221; alignment=&#8221;center&#8221; el_class=&#8221;w-100&#8243;][\/vc_column][\/vc_row][vc_row css=&#8221;.vc_custom_1619692521029{margin-top: 0px !important;margin-bottom: 0px !important;padding-top: 0px !important;padding-bottom: 0px !important;}&#8221;][vc_column css=&#8221;.vc_custom_1619692535397{margin-top: 0px !important;margin-bottom: 0px !important;padding-top: 0px !important;padding-bottom: 0px !important;}&#8221;]<div class=\"rr-breadcrumb mb-3 pb-3\"><a href=\"https:\/\/www.royalrest.ae\" title=\"Home\">\u0645\u0646\u0632\u0644\u060c \u0628\u064a\u062a<\/a><span class='rrb-seprater'> >> <\/span><\/div>[\/vc_column][\/vc_row][vc_row equal_height=&#8221;yes&#8221; content_placement=&#8221;middle&#8221;][vc_column][vc_custom_heading text=&#8221;\u0633\u064a\u0627\u0633\u0629 \u0637\u0644\u0628\u0627\u062a \u0627\u0644\u0645\u0628\u064a\u0639\u0627\u062a:&#8221; font_container=&#8221;tag:h1|text_align:left&#8221; use_theme_fonts=&#8221;yes&#8221; el_class=&#8221;font-24&#8243;][vc_column_text el_class=&#8221;text-center font-12&#8243;]<strong>\u00a0<\/strong><\/p>\n<p><em><u>\u00a0\u00a0\u00a0\u00a0\u00a0\u00a0\u00a0\u00a0\u00a0\u00a0\u00a0\u00a0 \u0633\u064a\u0627\u0633\u0629<\/u><\/em> \u0627\u0644\u0637\u0644\u0628\u0627\u062a<strong>:<\/strong> .<\/p>\n<p>1.\u064a\u062c\u0628 \u0639\u0644\u0649 \u0627\u0644\u0632\u0628\u0648\u0646 \u0627\u0644\u062a\u062d\u0642\u0642 \u0645\u0646 \u0627\u0644\u0642\u0645\u0627\u0634, \u0627\u0644\u0646\u0645\u0648\u0630\u062c \u0648\u0627\u0644\u0645\u0642\u0627\u0633\u0627\u062a \u0644\u0644\u0645\u0646\u062a\u062c \u0642\u0628\u0644 \u0627\u0644\u062a\u0648\u0642\u064a\u0639 \u0639\u0644\u0649 \u0637\u0644\u0628 \u0627\u0644\u0645\u0628\u064a\u0639\u0627\u062a .<\/p>\n<p>&nbsp;<\/p>\n<p>2.\u0627\u0644\u0645\u0642\u0627\u0633\u0627\u062a \u0627\u0644\u0645\u062e\u0635\u0635\u0629 \u0644\u0627 \u062a\u0644\u063a\u0649 \u0648\u0644\u0627 \u062a\u0633\u062a\u0631\u062c\u0639 , \u064a\u062c\u0628 \u0627\u0644\u062a\u0648\u0642\u064a\u0639 \u0639\u0644\u0649 \u0646\u0633\u062e\u0629 \u0637\u0644\u0628 \u0627\u0644\u0645\u0628\u064a\u0639\u0627\u062a \u0641\u064a \u0627\u0644\u0645\u062a\u062c\u0631<\/p>\n<ol start=\"3\">\n<li>\u00a0 \u00a0\u0627\u0644\u0637\u0644\u0628\u0627\u062a \u0627\u0644\u062a\u064a \u0644\u0645 \u064a\u062a\u0645 \u062a\u0635\u0646\u064a\u0639\u0647\u0627 \u0628\u0639\u062f \u064a\u0645\u0643\u0646 \u0627\u0644\u063a\u0627\u0626\u0647\u0627 \u0642\u0628\u0644 \u0627\u0644\u062a\u0648\u0635\u064a\u0644 ,\u0633\u064a\u062a\u0645 \u0627\u0633\u062a\u0631\u062c\u0627\u0639 \u0627\u0644\u0645\u0628\u0644\u063a \u0639\u0644\u0649 \u0627\u0644\u0628\u0637\u0627\u0642\u0629 \u062e\u0644\u0627\u0644 180 \u064a\u0648\u0645 .<\/li>\n<li>\u064a\u062a\u0645 \u0642\u0628\u0648\u0644 \u0627\u0644\u0646\u0642\u062f , \u0627\u0644\u0628\u0637\u0627\u0642\u0629 \u0627\u0644\u0627\u0626\u062a\u0645\u0627\u0646\u064a\u0629, \u0628\u0637\u0627\u0642\u0629 \u0627\u0644\u062f\u0628\u064a\u062a\u0648\u0639\u0645\u0644\u064a\u0629 \u062a\u062d\u0648\u064a\u0644 \u0627\u0644\u0645\u0628\u0644\u063a \u0639\u0644\u0649 \u0627\u0644\u062d\u0633\u0627\u0628 \u0627\u0644\u0631\u0633\u0645\u064a \u0644\u0644\u0634\u0631\u0643\u0629 \u0639\u0646\u062f \u0639\u0645\u0644\u064a\u0629\u00a0 \u0627\u0644\u0634\u0631\u0627\u0621 \u0645\u0646 \u0627\u0644\u0645\u062a\u062c\u0631<\/li>\n<\/ol>\n<p>5.\u064a\u062a\u0645 \u0627\u0639\u0637\u0627\u0621 \u0627\u0644\u0632\u0628\u0648\u0646 \u0641\u0627\u062a\u0648\u0631\u0629 \u0627\u0644\u0643\u062a\u0631\u0648\u0646\u064a\u0629 \u0645\u0639 \u062a\u0648\u0635\u064a\u0644 \u0627\u0644\u0645\u0646\u062a\u062c.<\/p>\n<p>[\/vc_column_text][vc_custom_heading text=&#8221;\u0633\u064a\u0627\u0633\u0629 \u0627\u0644\u062a\u0648\u0635\u064a\u0644&#8221; font_container=&#8221;tag:h1|text_align:left&#8221; use_theme_fonts=&#8221;yes&#8221; el_class=&#8221;font-24&#8243;][vc_column_text el_class=&#8221;text-center font-12&#8243;]\ufeb3\ufef4\ufe8e\ufeb3\ufe94\u0627\ufedf\ufe98\ufeee\ufebb\ufef4\ufede<\/p>\n<p>.1\u00a0\u00a0\u00a0\u00a0 \ufef3\ufea0\ufe90 \ufecb\ufee0\ufef0 \u0627\ufedf\ufecc\ufee4\ufef4\ufede \u0627\ufedf\ufe98\ufe84\ufedb\ufeaa \ufee3\ufee6 \ufea7\ufee0\ufeee \ufee3\ufee8\ufec4\ufed8\ufe94 \u0627\ufedf\ufe98\ufeae\ufedb\ufef4\ufe90 \ufed7\ufe92\ufede \ufe97\ufeee\ufebb\ufef4\ufede \u0627\ufedf\ufe92\ufec0\ufe8e\ufecb\ufe94.<\/p>\n<p>.2\u00a0\u00a0\u00a0 \ufef3\ufea0\ufe90 \u062f\ufed3\ufeca \ufed7\ufef4\ufee4\ufe94 \ufe9f\ufee4\ufef4\ufeca \u0627\ufedf\ufe92\ufec0\ufe8e\ufe8b\ufeca \ufe91\ufe8e\ufedf\ufe8e\ufedc\ufee3\ufede \ufebf\ufee4\ufee6 \ufef3\ufeee\ufee3\ufef2 \ufecb\ufee4\ufede \ufecb\ufee0\ufef0 \u0627\ufef7\ufed7\ufede \ufed7\ufe92\ufede \ufe97\ufe8e\u0631\ufef3\ufea6 \u0627\ufedf\ufe98\ufeee\ufebb\ufef4\ufede \u0627\ufedf\ufee4\ufea4\ufeaa\u062f. .3<\/p>\n<p>\u062a\u0646\u0642\u0644 \u0627\u0644\u0628\u0636\u0627\u0639\u0629 \u0645\u062c\u0627\u0646\u0627 \u0639\u0628\u0631 \u0627\u0644\u0633\u0644\u0627\u0644\u0645 \u0644\u0644\u0637\u0627\u0628\u0642 \u0627\u0644\u062e\u0627\u0645\u0633, \u0627\u0645\u0627 \u0645\u0646 \u0627\u0644\u0637\u0627\u0628\u0642 \u0627\u0644\u0633\u0627\u062f\u0633 \u0648\u062d\u062a\u0649 \u0627\u0644\u0637\u0627\u0628\u0642 \u0627\u0644 20 \u0633\u062a\u0637\u0628\u0642 \u0631\u0633\u0648\u0645 \u0642\u062f\u0631\u0647\u0627 150 \u062f\u0631\u0647\u0645 ,\u0644\u0627 \u062a\u062d\u0645\u0644 \u0627\u0644\u0628\u0636\u0627\u0639\u0629 \u064a\u062f\u0648\u064a\u0627 \u0644\u0644\u0637\u0627\u0628\u0642 \u0627\u0644 20 \u0648\u0639\u0644\u064a\u0647 \u0633\u064a\u062a\u0645 \u062a\u0648\u0635\u064a\u0644\u0647\u0627 \u0639\u0644\u0649 \u0627\u0644\u0637\u0627\u0628\u0642 \u0627\u0644\u0627\u0631\u0636\u064a \u0648\u0639\u0645\u0644\u064a\u0629 \u0627\u0644\u062a\u0631\u0643\u064a\u0628 \u0645\u062c\u0627\u0646\u0627 \u062e\u0644\u0627\u0644 \u062b\u0644\u0627\u062b\u0629 \u064a\u0648\u0645 \u0639\u0645\u0644.\u064a\u062c\u0628 \u0639\u0644\u0649 \u0627\u0644\u0632\u0628\u0648\u0646 \u0627\u0639\u0637\u0627\u0621 \u0628\u064a\u0627\u0646\u0627\u062a \u0627\u0644\u0633\u0643\u0646 \u0642\u0628\u0644 \u0627\u062a\u0645\u0627\u0645 \u0637\u0644\u0628 \u0627\u0644\u0628\u0636\u0627\u0639\u0629 .<\/p>\n<p>&nbsp;<\/p>\n<p>&nbsp;<\/p>\n<p>.4\u00a0\u00a0\u00a0 \ufed3\ufef2 \ufea3\ufe8e\ufedf\ufe94 \ufecb\ufeaa\u0645 \ufea3\ufec0\ufeee\u0631 \u0623\u064a \ufeb7\ufea8\ufeba \ufed3\ufef2 \ufecb\ufee8\ufeee\u0627\u0646 \u0627\ufedf\ufe98\ufeee\ufebb\ufef4\ufede \u0623\ufe9b\ufee8\ufe8e\u0621 \u0627\ufedf\ufe98\ufeee\ufebb\ufef4\ufede \u0627\ufef7\u0648\u0644 \ufed3\ufeb4\ufef4\ufe98\ufee2 \u0625\ufecb\ufe8e\u062f\u0629 \ufe9f\ufeaa\u0648\ufedf\ufe94 \u0627\ufedf\ufe98\ufeee\ufebb\ufef4\ufede \ufee3\ufeae\u0629 \u0623\ufea7\ufeae\u0649 \u00a0\u0641\u064a \u0627\u0642\u0631\u0628 \u0632\u0645\u0646\u00a0 \u0628\u0646\u0627\u0621 \u0639\u0644\u0649 \u0627\u0644\u0645\u0648\u0642\u0639 \u0648\u0627\u0644\u0642\u064a\u0627\u0633\u0627\u062a \u0628\u0631\u0633\u0648\u0645 \u0642\u062f\u0631\u0647\u0627 150 \u062f\u0631\u0647\u0645\u00a0 \u0643\u0623\u062f\u0646\u0649 \u062d\u062f.<\/p>\n<p>\ufee3\ufeee\ufe9f\ufeee\u062f \ufed3\ufef2 \u0627\ufedf\ufe98\ufeee\ufebb\ufef4\ufede \u0627\ufedf\ufe9c\ufe8e\ufee7\ufef2\u060c \ufed3\ufeb4\ufef4\ufe98\ufee2 \ufed3\ufeae\u0636 \u0631\ufeb3\ufeee\u0645 \ufecb\ufee0\ufef0 \u0623\u064a \ufeb7\ufea4\ufee8\ufe8e\u062a \ufefb\ufea3\ufed8\ufe94 \ufe91\ufee8\ufe8e \u064b\u0621 \ufecb\ufee0\ufef0 \u0627\ufedf\ufee4\ufeee\ufed7\ufeca \u0648\u0627\ufedf\ufe92\ufec0\ufe8e\ufecb\ufe94\u060c \ufee3\ufeca \u0627\ufedf\ufecc\ufee0\ufee2 \u0623\u0646 \u0627\ufedf\ufea4\ufeaa \u0627\ufef7\u062f\ufee7\ufef0 \ufedf\ufe98\ufee0\ufedc\ufed4\ufe94 \u0627\ufedf\ufe98\ufeee\ufebb\ufef4\ufede \ufeeb\ufeee 150 \u062f\u0631\ufeeb \u064b\ufee4\ufe8e \u0625\ufee3\ufe8e\u0631\u0627\ufe97 \u064b\ufef4\ufe8e.<\/p>\n<p>.5\u00a0\u00a0\u00a0 \ufef3\ufe98\ufee2 \ufed3\ufeae\u0636 \u0631\ufeb3\ufeee\u0645 \ufe97\ufeee\ufebb\ufef4\ufede \ufedf\ufee0\ufee4\ufee8\ufe8e\ufec3\ufed6 \u0627\ufedf\ufed0\ufeae\ufe91\ufef4\ufe94 )\u0627\ufedf\ufeae\u0648\ufef3\ufeb2,\ufecf\ufef4\ufe8e\ufe9b\ufef2,\u0627\ufedf\ufee4\ufeae\ufed3\ufe84,\ufedf\ufef4\ufeee\u0627,\ufee3\ufeaa\ufef3\ufee8\ufe94 \u0632\u0627\ufef3\ufeaa,\u0627\ufedf\ufecc\ufef4\ufee6,\u0627\ufedf\ufed8\ufeee\u0629 \u0627\ufedf\ufea6( 600 Aed<\/p>\n<p>6.\u0627\u0644\u062f\u0641\u0639 \u0639\u0646\u062f \u0627\u0644\u0627\u0633\u062a\u0644\u0627\u0645 \u064a\u0637\u0628\u0642 \u0641\u0642\u0637 \u0644\u0644\u0642\u064a\u0627\u0633\u0627\u062a(150\u00d7200,160\u00d7200,180\u00d7200,200\u00d7200)[\/vc_column_text][vc_custom_heading text=&#8221;\u0633\u064a\u0627\u0633\u0629 \u0627\u0644\u062a\u0628\u062f\u064a\u0644&#8221; font_container=&#8221;tag:h1|text_align:left&#8221; use_theme_fonts=&#8221;yes&#8221; el_class=&#8221;font-24&#8243;][vc_column_text el_class=&#8221;text-center font-12&#8243;]<\/p>\n<h2>\ufeb3\ufef4\ufe8e\ufeb3\ufe94\u0627\ufedf\ufe98\ufe92\ufeaa\ufef3\ufede<\/h2>\n<p>\u0648\ufef7\ufee7\ufee8\ufe8e \ufee7\ufea4\ufeae\u0635 \ufed3\ufef2 \u0631\u0648\ufef3\ufe8e\u0644 \u0631\ufef3\ufeb4\ufe96 \ufecb\ufee0\ufef0 \u0623\u0646 \ufe97\ufedc\ufeee\u0646 \u0631\u0627\ufebf \u064b\ufef4\ufe8e \ufecb\ufee6 \ufee3\ufeb8\ufe98\ufeae\ufef3\ufe8e\ufe97\ufeda\u060c \ufeb3\ufee8\ufed8\ufe92\ufede \u0627\ufeb3\ufe98\ufe92\ufeaa\u0627\u0644 \u0623\u064a \ufe91\ufec0\ufe8e\ufecb\ufe94 \ufed3\ufef2 \ufecf\ufec0\ufeee\u0646 7 \u0623\ufef3\ufe8e\u0645 \ufecb\ufee4\ufede \u0648\u0648\ufed3\ufed6 \u0627\ufedf\ufeb8\ufeae\u0648\u0637 \u0627\ufedf\ufe98\ufe8e\ufedf\ufef4\ufe94:<\/p>\n<p>.1\u00a0\u00a0\u00a0\u00a0\u00a0 \ufef3\ufea0\ufe90 \u0623\u0646 \ufe97\ufe92\ufed8\ufef0 \u0627\ufedf\ufe92\ufec0\ufe8e\ufecb\ufe94 \ufed3\ufef2 \ufecb\ufe92\ufeee\ufe97\ufeec\ufe8e \u0627\ufef7\ufebb\ufee0\ufef4\ufe94.<\/p>\n<p>.2\u00a0\u00a0\u00a0\u00a0 \ufefb \ufef3\ufea0\ufe90 \u0627\ufeb3\ufe98\ufea8\ufeaa\u0627\ufee3\ufeec\ufe8e \u0623\u0648 \u0625\ufe97\ufefc\ufed3\ufeec\ufe8e \ufe91\ufe84\u064a \ufea3\ufe8e\u0644 \ufee3\ufee6 \u0627\ufef7\ufea3\ufeee\u0627\u0644(\ufe91\ufed8\ufeca \u0627\u0648 \u062f\ufee3\ufeee\u0639)\ufecb\ufee0\ufef0 \u0627\u064a \ufea3\ufe8e\u0644 \u00a0\u00a0\u00a0\u00a0\u00a0\u00a0.<\/p>\n<p>3.\ufedf\ufee6 \ufef3\ufe98\ufee2 \ufed7\ufe92\ufeee\u0644 \u0627\ufeb3\ufe98\ufe92\ufeaa\u0627\u0644 \u0627\ufedf\ufee4\ufee8\ufe98\ufea0\ufe8e\u062a \u0627\ufedf\ufe98\ufef2 \ufe97\ufee2 \ufe97\ufeae\ufedb\ufef4\ufe92\ufeec\ufe8e \ufeb3\ufeee\u0627\u0621 \ufe97\ufee2 \ufe97\ufea0\ufee4\ufef4\ufecc\ufeec\ufe8e \ufee3\ufee6 \ufed7\ufe92\ufede \u0627\ufedf\ufecc\ufee4\ufef4\ufede \u0623\u0648 \ufe97\ufeee\ufebb\ufef4\ufee0\ufeec\ufe8e \ufe91\ufeee\u0627\ufeb3\ufec4\ufe94 \u0631\u0648\ufef3\ufe8e\u0644 \u0631\ufef3\ufeb4\ufe96<\/p>\n<p>.4\u00a0\u00a0\u00a0\u00a0 \ufe91\ufe8e\ufeb3\ufe98\ufe9c\ufee8\ufe8e\u0621 \u0627\ufedf\ufe98\ufebc\ufee8\ufef4\ufeca\u060c \ufe97\ufecc\ufe98\ufe92\ufeae \ufeb7\ufeae\ufedb\ufe94 \u0631\u0648\ufef3\ufe8e\u0644 \u0631\ufef3\ufeb4\ufe96 \ufedf\ufeec\ufe8e \u0648\ufea3\ufeaa\ufeeb\ufe8e \u0627\ufedf\ufea4\ufed6 \ufed3\ufef2 \ufe97\ufea4\ufeaa\ufef3\ufeaa \u0648\u0625\ufebb\ufefc\u062d \u0623\u0648 \u0627\ufeb3\ufe98\ufe92\ufeaa\u0627\u0644 \u0627\ufedf\ufe92\ufec0\ufe8e\ufecb\ufe94 \u0627\ufedf\ufee4\ufe98\ufec0\ufeae\u0631\u0629 \u0648\ufed3\ufed8\ufe8e \ufedf\ufe98\ufed8\ufeaa\ufef3\ufeae\ufeeb\ufe8e<\/p>\n<h2>\ufecb\ufee4\ufee0\ufef4\ufe94 \ufe97\ufe92\ufeaa\ufef3\ufede \u0627\ufedf\ufee4\ufeae\ufe97\ufe92\ufe94<\/h2>\n<p>\u0627\u0648 \u0627\ufe97\ufebc\ufede \ufecb\ufee0\ufef0 800 \u0631\u0648\ufef3\ufe8e\u0644 \u0631\ufef3\ufeb4\ufe96 (769257378)info@royalrest.ae\ufedf\ufe98\ufe92\ufeaa\u0623 \ufecb\ufee4\ufee0\ufef4\ufe94 \u0627\ufedf\ufe98\ufe92\ufeaa\ufef3\ufede , \u0627\u0631\ufeb3\ufede \u0627\ufef3\ufee4\ufef4\ufede \ufedf\ufea8\ufeaa\ufee3\ufe94 \u0627\ufedf\ufecc\ufee4\ufefc\u0621 \ufecb\ufee0\ufef0<\/p>\n<p>1.\u0631\ufeb3\ufeee\u0645 \u0627\ufecb\ufe8e\u062f\u0629 \u0627\ufedf\ufe98\ufeee\ufebb\ufef4\ufede \ufe97\ufec4\ufe92\ufed6 \u0648\ufed3\ufed8\ufe8e \ufedf\ufee0\ufee4\ufeee\ufed7\ufeca \ufea3\ufef4\ufe9a \u0623\u0646 \u0623\ufed7\ufede \ufe97\ufee0\ufedc\ufed4\ufe94 150 \u062f\u0631\u0647\u0645<\/p>\n<p>2. \u0639\u0646\u062f\u0645\u0627 \ufe97\ufe98\ufee2 \u0627\ufedf\ufee4\ufeee\u0627\ufed3\ufed8\ufe94 \ufeb3\ufeee\u0641 \ufef3\ufe98\ufebc\ufede \ufe91\ufeda \u0627\ufedf\ufee4\ufea8\ufe98\ufeba \ufea7\ufefc\u0644 48 \ufeb3\ufe8e\ufecb\ufe94<\/p>\n<ol start=\"3\">\n<li>\u0633\u064a\u0627\u0633\u0629 \u0627\ufef9\ufeb3\ufe98\ufe92\ufeaa\u0627\u0644 \ufe97\ufee8\ufec4\ufe92\ufed6 \ufecb\ufee0\ufef0 \ufecb\ufee4\ufee0\ufef4\ufe94 \u0627\ufedf\ufeb8\ufeae\u0627\u0621 \u0627\ufef7\u0648\ufedf\ufef0.<\/li>\n<li>\u0627\u0644\u0642\u064a\u0627\u0633\u0627\u062a \u0627\u0644\u0645\u0641\u0635\u0644\u0629 ( \u0627\u0644\u0645\u0642\u0627\u0633 \u0627\u0644\u0630\u064a \u064a\u062a\u0645 \u0637\u0644\u0628\u0647 \u0645\u0646 \u0642\u0628\u0644 \u0627\u0644\u0632\u0628\u0648\u0646) \u063a\u064a\u0631 \u0642\u0627\u0628\u0644\u0629 \u0644\u0644\u062a\u0628\u062f\u064a\u0644 \u0648\u0627\u0644\u0627\u0631\u062c\u0627\u0639, \u0627\u0644\u0631\u062c\u0627\u0621 \u0627\u0644\u062a\u0627\u0643\u062f \u0645\u0646 \u0627\u0644\u0645\u0642\u0627\u0633\u0627\u062a \u0642\u0628\u0644 \u0627\u0644\u0637\u0644\u0628.<\/li>\n<\/ol>\n<p>5.\ufefb \ufe97\ufee8\ufec4\ufe92\ufed6 \ufecb\ufee4\ufee0\ufef4\ufe8e\u062a \u0627\ufef9\u0631\ufe9f\ufe8e\u0639 \u0648\u0627\ufefb\ufeb3\ufe98\ufe92\ufeaa\u0627\u0644 \u0625\ufefb \ufecb\ufee0\ufef0 \ufeeb\ufeac\u0647 \u0627\ufef7\ufea3\ufea0\ufe8e\u0645 \u0627\ufedf\ufed8\ufef4\ufe8e\ufeb3\ufef4\ufe94( 200 x 200 200, x 180 200, x 160 200, x 150 200, x 120 200, 200,100x x 90 90&#215;190, \ufeb3\ufee2)<\/p>\n<p>6. \u0633\u064a\u0627\u0633\u0629\u00a0 \u0627\u0644\u0627\u0633\u062a\u0628\u062f\u0627\u0644 \u062a\u062a\u0645 \u0644\u0644\u0627\u0641\u0631\u0627\u062f \u0641\u0642\u0637 \u0648 \ufedf\ufee6 \ufef3\ufeb8\ufee4\ufede \u0627\ufefb\ufeb3\ufe98\ufe92\ufeaa\u0627\u0644 \u0648 \u0627\ufef9\u0631\ufe9f\ufe8e\u0639 \u0623\u064a \u0623\ufed3\ufeae\u0627\u062f \ufee3\ufeae\ufe97\ufe92\ufec4\ufef4\ufee6 \ufe91\ufecc\ufefc\ufee3\ufe8e\u062a \ufe97\ufea0\ufe8e\u0631\ufef3\ufe94 \u0623\ufea7\ufeae\u0649 \ufedf\ufee0\ufed4\ufeae\ufeb7\ufe8e\u062a \u0623\u0648 \ufe97\ufea0\ufe8e\u0631 \u0627\ufedf\ufe98\ufea0\ufeb0\ufe8b\ufe94.<\/p>\n<p>.7\ufe91\ufee4\ufea0\ufeae\u062f \ufe97\ufe84\ufedb\ufef4\ufeaa \u0623\ufea3\ufed8\ufef4\ufe94 \u0627\ufefb\ufeb3\ufe98\ufe92\ufeaa\u0627\u0644\u060c \ufeb3\ufef4\ufed8\ufeee\u0645 \u0623\ufea7\ufebc\ufe8e\ufe8b\ufef2 \ufe91\ufe98\ufed8\ufef4\ufef4\ufee2 \u0623\ufea3\ufed8\ufef4\ufe94 \ufea7\ufebc\ufee2 \u0627\ufefb\ufeb3\ufe98\ufe92\ufeaa\u0627\u0644 \u0648\u0627\ufebf\ufecc\ufe8e \ufed3\ufef2 \u0627\ufefb\ufecb\ufe98\ufe92\ufe8e\u0631 \u0627\ufedf\ufee8\ufed8\ufe8e\u0637 \u0627\ufedf\ufee4\ufeac\ufedb\ufeee\u0631\u0629 \u0623\ufecb\ufefc\u0647.<\/p>\n<p>8.\u0644\u0648 \u062a\u0645\u062a \u0627\u0644\u0645\u0648\u0627\u0641\u0642\u0629 \u0639\u0644\u0649 \u0639\u0645\u0644\u064a\u0629 \u0627\u0644\u0627\u0633\u062a\u0628\u062f\u0627\u0644 \u064a\u062a\u0645 \u0627\u0631\u062c\u0627\u0639 \u0627\u0644\u0645\u0631\u062a\u0628\u0629 \u0627\u0644\u0645\u0648\u062c\u0648\u062f\u0629 \u0648\u0637\u0644\u0628 \u0645\u0631\u062a\u0628\u0629 \u0627\u062e\u0631\u0649 .<\/p>\n<p>&nbsp;<\/p>\n<p>&nbsp;<\/p>\n<p>&nbsp;<\/p>\n<p>&nbsp;<\/p>\n<p>&nbsp;<\/p>\n<p>[\/vc_column_text][\/vc_column][\/vc_row]<\/p>\n","protected":false},"excerpt":{"rendered":"<p>[vc_row full_width=&#8221;stretch_row_content_no_spaces&#8221; full_height=&#8221;yes&#8221;][vc_column][vc_single_image image=&#8221;145&#8243; img_size=&#8221;full&#8221; alignment=&#8221;center&#8221; el_class=&#8221;w-100&#8243;][\/vc_column][\/vc_row][vc_row css=&#8221;.vc_custom_1619692521029{margin-top: 0px !important;margin-bottom: 0px !important;padding-top: 0px !important;padding-bottom: 0px !important;}&#8221;][vc_column css=&#8221;.vc_custom_1619692535397{margin-top: 0px !important;margin-bottom: 0px !important;padding-top: 0px !important;padding-bottom: 0px !important;}&#8221;][\/vc_column][\/vc_row][vc_row equal_height=&#8221;yes&#8221; content_placement=&#8221;middle&#8221;][vc_column][vc_custom_heading text=&#8221;\u0633\u064a\u0627\u0633\u0629 \u0637\u0644\u0628\u0627\u062a \u0627\u0644\u0645\u0628\u064a\u0639\u0627\u062a:&#8221; font_container=&#8221;tag:h1|text_align:left&#8221; use_theme_fonts=&#8221;yes&#8221; el_class=&#8221;font-24&#8243;][vc_column_text el_class=&#8221;text-center font-12&#8243;]\u00a0 \u00a0\u00a0\u00a0\u00a0\u00a0\u00a0\u00a0\u00a0\u00a0\u00a0\u00a0\u00a0 \u0633\u064a\u0627\u0633\u0629 \u0627\u0644\u0637\u0644\u0628\u0627\u062a: . 1.\u064a\u062c\u0628 \u0639\u0644\u0649 \u0627\u0644\u0632\u0628\u0648\u0646 \u0627\u0644\u062a\u062d\u0642\u0642 \u0645\u0646 \u0627\u0644\u0642\u0645\u0627\u0634, \u0627\u0644\u0646\u0645\u0648\u0630\u062c \u0648\u0627\u0644\u0645\u0642\u0627\u0633\u0627\u062a \u0644\u0644\u0645\u0646\u062a\u062c \u0642\u0628\u0644 \u0627\u0644\u062a\u0648\u0642\u064a\u0639 \u0639\u0644\u0649 \u0637\u0644\u0628 \u0627\u0644\u0645\u0628\u064a\u0639\u0627\u062a . &nbsp; [&hellip;]<\/p>\n","protected":false},"author":1,"featured_media":0,"parent":0,"menu_order":0,"comment_status":"closed","ping_status":"closed","template":"fullwidthcms.php","meta":[],"_links":{"self":[{"href":"https:\/\/www.royalrest.ae\/ar\/wp-json\/wp\/v2\/pages\/1330"}],"collection":[{"href":"https:\/\/www.royalrest.ae\/ar\/wp-json\/wp\/v2\/pages"}],"about":[{"href":"https:\/\/www.royalrest.ae\/ar\/wp-json\/wp\/v2\/types\/page"}],"author":[{"embeddable":true,"href":"https:\/\/www.royalrest.ae\/ar\/wp-json\/wp\/v2\/users\/1"}],"replies":[{"embeddable":true,"href":"https:\/\/www.royalrest.ae\/ar\/wp-json\/wp\/v2\/comments?post=1330"}],"version-history":[{"count":46,"href":"https:\/\/www.royalrest.ae\/ar\/wp-json\/wp\/v2\/pages\/1330\/revisions"}],"predecessor-version":[{"id":7651,"href":"https:\/\/www.royalrest.ae\/ar\/wp-json\/wp\/v2\/pages\/1330\/revisions\/7651"}],"wp:attachment":[{"href":"https:\/\/www.royalrest.ae\/ar\/wp-json\/wp\/v2\/media?parent=1330"}],"curies":[{"name":"wp","href":"https:\/\/api.w.org\/{rel}","templated":true}]}}